{"id":407,"date":"2019-11-11T08:33:51","date_gmt":"2019-11-11T08:33:51","guid":{"rendered":"https:\/\/demo.casethemes.net\/consultio\/?page_id=407"},"modified":"2023-02-11T18:48:49","modified_gmt":"2023-02-11T18:48:49","slug":"nos-services","status":"publish","type":"page","link":"https:\/\/africadexsn.com\/en\/nos-services\/","title":{"rendered":"Our services"},"content":{"rendered":"<div data-elementor-type=\"wp-page\" data-elementor-id=\"407\" class=\"elementor elementor-407\">\n\t\t\t\t        <section class=\"elementor-section elementor-top-section elementor-element elementor-element-f019bad elementor-section-content-middle elementor-section-boxed elementor-section-height-default elementor-section-height-default ct-header-fixed-none ct-row-max-none\" data-id=\"f019bad\" data-element_type=\"section\">\n            \n                        <div class=\"elementor-container elementor-column-gap-extended\">\n                            <div class=\"elementor-row\">\n                    <div class=\"elementor-column elementor-col-33 elementor-top-column elementor-element elementor-element-5ce29c2\" data-id=\"5ce29c2\" data-element_type=\"column\">\n            <div class=\"elementor-column-wrap\">\n                            <div class=\"elementor-widget-wrap\">\n                                <\/div>\n                    <\/div>\n        <\/div>\n                <div class=\"elementor-column elementor-col-33 elementor-top-column elementor-element elementor-element-844d443\" data-id=\"844d443\" data-element_type=\"column\">\n            <div class=\"elementor-column-wrap elementor-element-populated\">\n                            <div class=\"elementor-widget-wrap\">\n                \t\t<div class=\"elementor-element elementor-element-04cd662 elementor-widget elementor-widget-ct_heading\" data-id=\"04cd662\" data-element_type=\"widget\" data-widget_type=\"ct_heading.default\">\n\t\t\t\t<div class=\"elementor-widget-container\">\n\t\t\t<div id=\"ct_heading-04cd662\" class=\"ct-heading h-align-center sub- ct-heading-left item-st-line-top1\">\n\t<div class=\"ct-inline-css\"  data-css=\"        \">\n    <\/div>\n        <h3 class=\"item--title st-line-top1 case-animate-time\" data-wow-delay=\"ms\">\n                    <div class=\"ct-heading-divider\"><span><\/span><\/div>\n                <span class=\"sp-main\">\n            \n            Africadex, a guarantee of skills, experience and seriousness\n            \n                    <\/span>\n            <\/h3>\n<\/div>\t\t<\/div>\n\t\t\t\t<\/div>\n\t\t                <\/div>\n                    <\/div>\n        <\/div>\n                <div class=\"elementor-column elementor-col-33 elementor-top-column elementor-element elementor-element-877c444\" data-id=\"877c444\" data-element_type=\"column\">\n            <div class=\"elementor-column-wrap\">\n                            <div class=\"elementor-widget-wrap\">\n                                <\/div>\n                    <\/div>\n        <\/div>\n                                <\/div>\n                    <\/div>\n        <\/section>\n                <section class=\"elementor-section elementor-top-section elementor-element elementor-element-2384944 elementor-section-content-middle elementor-section-boxed elementor-section-height-default elementor-section-height-default ct-header-fixed-none ct-row-max-none\" data-id=\"2384944\" data-element_type=\"section\">\n            \n                        <div class=\"elementor-container elementor-column-gap-extended\">\n                            <div class=\"elementor-row\">\n                    <div class=\"elementor-column elementor-col-33 elementor-top-column elementor-element elementor-element-236ccf2\" data-id=\"236ccf2\" data-element_type=\"column\">\n            <div class=\"elementor-column-wrap\">\n                            <div class=\"elementor-widget-wrap\">\n                                <\/div>\n                    <\/div>\n        <\/div>\n                <div class=\"elementor-column elementor-col-33 elementor-top-column elementor-element elementor-element-8d7b4f8\" data-id=\"8d7b4f8\" data-element_type=\"column\">\n            <div class=\"elementor-column-wrap elementor-element-populated\">\n                            <div class=\"elementor-widget-wrap\">\n                \t\t<div class=\"elementor-element elementor-element-c9c699c elementor-widget elementor-widget-text-editor\" data-id=\"c9c699c\" data-element_type=\"widget\" data-widget_type=\"text-editor.default\">\n\t\t\t\t<div class=\"elementor-widget-container\">\n\t\t\t\t\t\t\t<div><p>Africadex operates in multiple sectors such as head offices, industrial and commercial buildings, logistics platforms, banks and insurance or building managers\u2026<\/p><\/div>\t\t\t\t\t\t<\/div>\n\t\t\t\t<\/div>\n\t\t                <\/div>\n                    <\/div>\n        <\/div>\n                <div class=\"elementor-column elementor-col-33 elementor-top-column elementor-element elementor-element-9dd0f41\" data-id=\"9dd0f41\" data-element_type=\"column\">\n            <div class=\"elementor-column-wrap\">\n                            <div class=\"elementor-widget-wrap\">\n                                <\/div>\n                    <\/div>\n        <\/div>\n                                <\/div>\n                    <\/div>\n        <\/section>\n                <section class=\"elementor-section elementor-top-section elementor-element elementor-element-7d640f1 elementor-section-boxed elementor-section-height-default elementor-section-height-default ct-header-fixed-none ct-row-max-none\" data-id=\"7d640f1\" data-element_type=\"section\">\n            \n                        <div class=\"elementor-container elementor-column-gap-extended\">\n                            <div class=\"elementor-row\">\n                    <div class=\"elementor-column elementor-col-100 elementor-top-column elementor-element elementor-element-1e2ce89\" data-id=\"1e2ce89\" data-element_type=\"column\">\n            <div class=\"elementor-column-wrap elementor-element-populated\">\n                            <div class=\"elementor-widget-wrap\">\n                \t\t<div class=\"elementor-element elementor-element-16d5b63 elementor-widget elementor-widget-ct_service_grid\" data-id=\"16d5b63\" data-element_type=\"widget\" data-widget_type=\"ct_service_grid.default\">\n\t\t\t\t<div class=\"elementor-widget-container\">\n\t\t\t\n<div id=\"ct_service_grid-16d5b63\" class=\"ct-grid ct-service-grid3 style1\" data-layout=\"masonry\" data-start-page=\"1\" data-max-pages=\"1\" data-total=\"7\" data-perpage=\"9\" data-next-link=\"\">\n    <div class=\"ct-grid-overlay\"><\/div>\n    \n    <div class=\"ct-grid-inner ct-grid-masonry row animate-time\" data-gutter=\"15\">\n                        <div class=\"grid-item col-xl-4 col-lg-4 col-md-6 col-sm-6 col-12\">\n                    <div class=\"grid-item-inner wow fadeIn\">\n                        <div class=\"grid-item-holder\">\n                            <div class=\"item--overlay\"><\/div>\n                            \n                                                            <div class=\"item--icon\"><i class=\"text-gradient fa fa-ship\"><\/i><\/div>\n                            \n                            \n                                                            <h3 class=\"item--title\"><a href=\"https:\/\/africadexsn.com\/en\/service\/securite-et-surete-des-navires\/\">Safety and security of ships<\/a><\/h3>\n                                                                                        <div class=\"item--content\">\n                                    First Multi-constellation EPIRB in the world marketed by Africadex, official partner of Orolia.                                <\/div>\n                                                                                        <div class=\"item--icon-abs\"><i class=\"text-gradient fa fa-ship\"><\/i><\/div>\n                                                        <a class=\"item--readmore\" href=\"https:\/\/africadexsn.com\/en\/service\/securite-et-surete-des-navires\/\"><\/a>\n                        <\/div>\n                    <\/div>\n                <\/div>\n                            <div class=\"grid-item col-xl-4 col-lg-4 col-md-6 col-sm-6 col-12\">\n                    <div class=\"grid-item-inner wow fadeIn\">\n                        <div class=\"grid-item-holder\">\n                            <div class=\"item--overlay\"><\/div>\n                            \n                                                            <div class=\"item--icon\"><i class=\"text-gradient flaticon-map\"><\/i><\/div>\n                            \n                            \n                                                            <h3 class=\"item--title\"><a href=\"https:\/\/africadexsn.com\/en\/service\/appareils-daide-a-la-navigation\/\">Navigational aids<\/a><\/h3>\n                                                                                        <div class=\"item--content\">\n                                    Navigation assistance is one of Africadex\u2019s main activities with cutting-edge products.                                <\/div>\n                                                                                        <div class=\"item--icon-abs\"><i class=\"text-gradient flaticon-map\"><\/i><\/div>\n                                                        <a class=\"item--readmore\" href=\"https:\/\/africadexsn.com\/en\/service\/appareils-daide-a-la-navigation\/\"><\/a>\n                        <\/div>\n                    <\/div>\n                <\/div>\n                            <div class=\"grid-item col-xl-4 col-lg-4 col-md-6 col-sm-6 col-12\">\n                    <div class=\"grid-item-inner wow fadeIn\">\n                        <div class=\"grid-item-holder\">\n                            <div class=\"item--overlay\"><\/div>\n                            \n                                                            <div class=\"item--icon\"><i class=\"text-gradient fa fa-wifi\"><\/i><\/div>\n                            \n                            \n                                                            <h3 class=\"item--title\"><a href=\"https:\/\/africadexsn.com\/en\/service\/les-antennes-gps-gnss\/\">GPS\/GNSS antennas<\/a><\/h3>\n                                                                                        <div class=\"item--content\">\n                                    Africadex, leader in the field, offers its customers anti-piracy antennas and GPS \/ GNSS anti-jamming outdoor antennas.                                <\/div>\n                                                                                        <div class=\"item--icon-abs\"><i class=\"text-gradient fa fa-wifi\"><\/i><\/div>\n                                                        <a class=\"item--readmore\" href=\"https:\/\/africadexsn.com\/en\/service\/les-antennes-gps-gnss\/\"><\/a>\n                        <\/div>\n                    <\/div>\n                <\/div>\n                            <div class=\"grid-item col-xl-4 col-lg-4 col-md-6 col-sm-6 col-12\">\n                    <div class=\"grid-item-inner wow fadeIn\">\n                        <div class=\"grid-item-holder\">\n                            <div class=\"item--overlay\"><\/div>\n                            \n                                                            <div class=\"item--icon\"><i class=\"text-gradient flaticonv2-shield\"><\/i><\/div>\n                            \n                            \n                                                            <h3 class=\"item--title\"><a href=\"https:\/\/africadexsn.com\/en\/service\/solutions-securite-electronique\/\">Electronic Security Solutions<\/a><\/h3>\n                                                                                        <div class=\"item--content\">\n                                    Africadex designs, installs and maintains tailor-made solutions for its clients in compliance with APSAD rules.                                <\/div>\n                                                                                        <div class=\"item--icon-abs\"><i class=\"text-gradient flaticonv2-shield\"><\/i><\/div>\n                                                        <a class=\"item--readmore\" href=\"https:\/\/africadexsn.com\/en\/service\/solutions-securite-electronique\/\"><\/a>\n                        <\/div>\n                    <\/div>\n                <\/div>\n                            <div class=\"grid-item col-xl-4 col-lg-4 col-md-6 col-sm-6 col-12\">\n                    <div class=\"grid-item-inner wow fadeIn\">\n                        <div class=\"grid-item-holder\">\n                            <div class=\"item--overlay\"><\/div>\n                            \n                                                            <div class=\"item--icon\"><i class=\"text-gradient flaticonv2-id-card\"><\/i><\/div>\n                            \n                            \n                                                            <h3 class=\"item--title\"><a href=\"https:\/\/africadexsn.com\/en\/service\/solutions-controle-dacces\/\">Access Control Solutions<\/a><\/h3>\n                                                                                        <div class=\"item--content\">\n                                    Control systems to secure your access using badges and biometric readers.                                <\/div>\n                                                                                        <div class=\"item--icon-abs\"><i class=\"text-gradient flaticonv2-id-card\"><\/i><\/div>\n                                                        <a class=\"item--readmore\" href=\"https:\/\/africadexsn.com\/en\/service\/solutions-controle-dacces\/\"><\/a>\n                        <\/div>\n                    <\/div>\n                <\/div>\n                            <div class=\"grid-item col-xl-4 col-lg-4 col-md-6 col-sm-6 col-12\">\n                    <div class=\"grid-item-inner wow fadeIn\">\n                        <div class=\"grid-item-holder\">\n                            <div class=\"item--overlay\"><\/div>\n                            \n                                                            <div class=\"item--icon\"><i class=\"text-gradient fa fa-video-camera\"><\/i><\/div>\n                            \n                            \n                                                            <h3 class=\"item--title\"><a href=\"https:\/\/africadexsn.com\/en\/service\/solutions-de-videosurveillance\/\">Video Surveillance Solutions<\/a><\/h3>\n                                                                                        <div class=\"item--content\">\n                                    Africadex also offers video surveillance, supervision and recording systems with remote access.                                <\/div>\n                                                                                        <div class=\"item--icon-abs\"><i class=\"text-gradient fa fa-video-camera\"><\/i><\/div>\n                                                        <a class=\"item--readmore\" href=\"https:\/\/africadexsn.com\/en\/service\/solutions-de-videosurveillance\/\"><\/a>\n                        <\/div>\n                    <\/div>\n                <\/div>\n                            <div class=\"grid-item col-xl-4 col-lg-4 col-md-6 col-sm-6 col-12\">\n                    <div class=\"grid-item-inner wow fadeIn\">\n                        <div class=\"grid-item-holder\">\n                            <div class=\"item--overlay\"><\/div>\n                            \n                                                            <div class=\"item--icon\"><i class=\"text-gradient fa fa-fire-extinguisher\"><\/i><\/div>\n                            \n                            \n                                                            <h3 class=\"item--title\"><a href=\"https:\/\/africadexsn.com\/en\/service\/solutions-detection-dincendie\/\">Fire detection solutions<\/a><\/h3>\n                                                                                        <div class=\"item--content\">\n                                    Automatic fire detection systems aimed at offering you tailor-made evacuation solutions.                                <\/div>\n                                                                                        <div class=\"item--icon-abs\"><i class=\"text-gradient fa fa-fire-extinguisher\"><\/i><\/div>\n                                                        <a class=\"item--readmore\" href=\"https:\/\/africadexsn.com\/en\/service\/solutions-detection-dincendie\/\"><\/a>\n                        <\/div>\n                    <\/div>\n                <\/div>\n                                <div class=\"grid-sizer col-xl-4 col-lg-4 col-md-6 col-sm-6 col-12\"><\/div>\n            <\/div>\n        <\/div>\t\t<\/div>\n\t\t\t\t<\/div>\n\t\t                <\/div>\n                    <\/div>\n        <\/div>\n                                <\/div>\n                    <\/div>\n        <\/section>\n                <section class=\"elementor-section elementor-top-section elementor-element elementor-element-2b5b5683 elementor-hidden-desktop elementor-hidden-tablet elementor-hidden-phone elementor-section-boxed elementor-section-height-default elementor-section-height-default ct-header-fixed-none ct-row-max-none\" data-id=\"2b5b5683\" data-element_type=\"section\">\n            \n                        <div class=\"elementor-container elementor-column-gap-extended\">\n                            <div class=\"elementor-row\">\n                    <div class=\"elementor-column elementor-col-100 elementor-top-column elementor-element elementor-element-4106b489\" data-id=\"4106b489\" data-element_type=\"column\">\n            <div class=\"elementor-column-wrap elementor-element-populated\">\n                            <div class=\"elementor-widget-wrap\">\n                \t\t<div class=\"elementor-element elementor-element-5b8ee2df elementor-widget elementor-widget-ct_clients_list\" data-id=\"5b8ee2df\" data-element_type=\"widget\" data-widget_type=\"ct_clients_list.default\">\n\t\t\t\t<div class=\"elementor-widget-container\">\n\t\t\t    <div class=\"ct-client1 ct-slick-slider style1\">\n        <div class=\"ct-clients-list-inner\">\n            <div class=\"ct-slick-carousel\" data-arrows=\"\" data-dots=\"\" data-pauseonhover=\"\" data-autoplay=\"true\" data-autoplayspeed=\"8000\" data-infinite=\"true\" data-speed=\"800\" data-colxs=\"2\" data-colsm=\"3\" data-colmd=\"4\" data-collg=\"4\" data-colxl=\"4\" data-dir=\"false\" data-slidestoscroll=\"1\">\n                                        <div class=\"slick-slide\">\n                            <div class=\"client-image wow zoomIn\">\n                                <a href=\"#\">\n                                    <img decoding=\"async\" src=\"https:\/\/africadexsn.com\/wp-content\/uploads\/2019\/11\/client-01.png\" class=\"ct-thumb-1 attachment-full\" alt=\"\" \/>                                                                    <\/a>\n                            <\/div>\n                        <\/div>\n                                                            <div class=\"slick-slide\">\n                            <div class=\"client-image wow zoomIn\">\n                                <a href=\"#\">\n                                    <img decoding=\"async\" src=\"https:\/\/africadexsn.com\/wp-content\/uploads\/2019\/11\/client-02.png\" class=\"ct-thumb-1 attachment-full\" alt=\"\" \/>                                                                    <\/a>\n                            <\/div>\n                        <\/div>\n                                                            <div class=\"slick-slide\">\n                            <div class=\"client-image wow zoomIn\">\n                                <a href=\"#\">\n                                    <img decoding=\"async\" src=\"https:\/\/africadexsn.com\/wp-content\/uploads\/2019\/11\/client-03.png\" class=\"ct-thumb-1 attachment-full\" alt=\"\" \/>                                                                    <\/a>\n                            <\/div>\n                        <\/div>\n                                                            <div class=\"slick-slide\">\n                            <div class=\"client-image wow zoomIn\">\n                                <a href=\"#\">\n                                    <img decoding=\"async\" src=\"https:\/\/africadexsn.com\/wp-content\/uploads\/2019\/11\/client-04.png\" class=\"ct-thumb-1 attachment-full\" alt=\"\" \/>                                                                    <\/a>\n                            <\/div>\n                        <\/div>\n                                                            <div class=\"slick-slide\">\n                            <div class=\"client-image wow zoomIn\">\n                                <a href=\"#\">\n                                    <img decoding=\"async\" width=\"196\" height=\"36\" src=\"https:\/\/africadexsn.com\/wp-content\/uploads\/2019\/12\/client-05.png\" class=\"ct-thumb-1 attachment-full\" alt=\"\" \/>                                                                    <\/a>\n                            <\/div>\n                        <\/div>\n                                                <\/div>\n        <\/div>\n    <\/div>\n\t\t<\/div>\n\t\t\t\t<\/div>\n\t\t                <\/div>\n                    <\/div>\n        <\/div>\n                                <\/div>\n                    <\/div>\n        <\/section>\n        \t\t<\/div>","protected":false},"excerpt":{"rendered":"<p>Africadex, un gage de comp\u00e9tences, d&rsquo;exp\u00e9riences et de s\u00e9rieux Africadex intervient dans de multiples secteurs tels que les si\u00e8ges sociaux, les b\u00e2timents industriels et commerciaux, les plateformes logistiques, les banques et assurances ou les gestionnaires d\u2019immeubles&#8230; S\u00e9curit\u00e9 et suret\u00e9 des navires Premier EPIRB Multi-constellations au monde commercialis\u00e9 par Africadex partenaire officiel de Orolia. Appareils d\u2019aide [&hellip;]<\/p>","protected":false},"author":1,"featured_media":0,"parent":0,"menu_order":0,"comment_status":"closed","ping_status":"closed","template":"","meta":{"footnotes":""},"_links":{"self":[{"href":"https:\/\/africadexsn.com\/en\/wp-json\/wp\/v2\/pages\/407"}],"collection":[{"href":"https:\/\/africadexsn.com\/en\/wp-json\/wp\/v2\/pages"}],"about":[{"href":"https:\/\/africadexsn.com\/en\/wp-json\/wp\/v2\/types\/page"}],"author":[{"embeddable":true,"href":"https:\/\/africadexsn.com\/en\/wp-json\/wp\/v2\/users\/1"}],"replies":[{"embeddable":true,"href":"https:\/\/africadexsn.com\/en\/wp-json\/wp\/v2\/comments?post=407"}],"version-history":[{"count":18,"href":"https:\/\/africadexsn.com\/en\/wp-json\/wp\/v2\/pages\/407\/revisions"}],"predecessor-version":[{"id":5857,"href":"https:\/\/africadexsn.com\/en\/wp-json\/wp\/v2\/pages\/407\/revisions\/5857"}],"wp:attachment":[{"href":"https:\/\/africadexsn.com\/en\/wp-json\/wp\/v2\/media?parent=407"}],"curies":[{"name":"wp","href":"https:\/\/api.w.org\/{rel}","templated":true}]}}