{"id":4224,"date":"2020-07-22T07:44:11","date_gmt":"2020-07-22T07:44:11","guid":{"rendered":"https:\/\/demo.casethemes.net\/consultio\/?page_id=4224"},"modified":"2023-02-11T18:55:50","modified_gmt":"2023-02-11T18:55:50","slug":"clients","status":"publish","type":"page","link":"https:\/\/africadexsn.com\/en\/elements\/clients\/","title":{"rendered":"Our customers and partners"},"content":{"rendered":"<div data-elementor-type=\"wp-page\" data-elementor-id=\"4224\" class=\"elementor elementor-4224\">\n\t\t\t\t        <section class=\"elementor-section elementor-top-section elementor-element elementor-element-3cc379f elementor-section-stretched elementor-section-full_width elementor-section-height-default elementor-section-height-default ct-header-fixed-none ct-row-max-none\" data-id=\"3cc379f\" data-element_type=\"section\" data-settings=\"{&quot;stretch_section&quot;:&quot;section-stretched&quot;,&quot;background_background&quot;:&quot;classic&quot;}\">\n            \n                        <div class=\"elementor-container elementor-column-gap-default\">\n                            <div class=\"elementor-row\">\n                    <div class=\"elementor-column elementor-col-100 elementor-top-column elementor-element elementor-element-795a0009\" data-id=\"795a0009\" data-element_type=\"column\">\n            <div class=\"elementor-column-wrap\">\n                            <div class=\"elementor-widget-wrap\">\n                                <\/div>\n                    <\/div>\n        <\/div>\n                                <\/div>\n                    <\/div>\n        <\/section>\n                <section class=\"elementor-section elementor-top-section elementor-element elementor-element-c850a50 elementor-section-boxed elementor-section-height-default elementor-section-height-default ct-header-fixed-none ct-row-max-none\" data-id=\"c850a50\" data-element_type=\"section\">\n            \n                        <div class=\"elementor-container elementor-column-gap-extended\">\n                            <div class=\"elementor-row\">\n                    <div class=\"elementor-column elementor-col-100 elementor-top-column elementor-element elementor-element-8f172be\" data-id=\"8f172be\" data-element_type=\"column\">\n            <div class=\"elementor-column-wrap elementor-element-populated\">\n                            <div class=\"elementor-widget-wrap\">\n                \t\t<div class=\"elementor-element elementor-element-ff7bdf6 elementor-widget elementor-widget-ct_heading\" data-id=\"ff7bdf6\" data-element_type=\"widget\" data-widget_type=\"ct_heading.default\">\n\t\t\t\t<div class=\"elementor-widget-container\">\n\t\t\t<div id=\"ct_heading-ff7bdf6\" class=\"ct-heading h-align-center sub-style1 ct-heading-left item-st-default\">\n\t<div class=\"ct-inline-css\"  data-css=\"        \">\n    <\/div>\n    \t\t<div class=\"item--sub-title style1 show-line\">\n                        We always travel with the best                                            <\/div>\n\t    <h3 class=\"item--title st-default case-animate-time\" data-wow-delay=\"ms\">\n                <span class=\"sp-main\">\n            \n            Our partners\n            \n                    <\/span>\n            <\/h3>\n<\/div>\t\t<\/div>\n\t\t\t\t<\/div>\n\t\t\t\t<div class=\"elementor-element elementor-element-14ecf0f elementor-widget elementor-widget-ct_client_grid\" data-id=\"14ecf0f\" data-element_type=\"widget\" data-widget_type=\"ct_client_grid.default\">\n\t\t\t\t<div class=\"elementor-widget-container\">\n\t\t\t    <div id=\"ct_client_grid-14ecf0f\" class=\"ct-grid ct-client-grid1\">\n        <div class=\"ct-grid-inner ct-grid-masonry row animate-time\" data-gutter=\"7\">\n                                <div class=\"grid-item col-xl-3 col-lg-3 col-md-4 col-sm-6 col-12\">\n                        <div class=\"client-image\">\n                            <a ><img fetchpriority=\"high\" decoding=\"async\" width=\"730\" height=\"313\" src=\"https:\/\/africadexsn.com\/wp-content\/uploads\/2020\/12\/PART-CLIENTS_Plan-de-travail-1.jpg\" class=\"disable-lazy attachment-full\" alt=\"\" srcset=\"https:\/\/africadexsn.com\/wp-content\/uploads\/2020\/12\/PART-CLIENTS_Plan-de-travail-1.jpg 730w, https:\/\/africadexsn.com\/wp-content\/uploads\/2020\/12\/PART-CLIENTS_Plan-de-travail-1-300x129.jpg 300w\" sizes=\"(max-width: 730px) 100vw, 730px\" \/><\/a>\n                        <\/div>\n                    <\/div>\n                                                <div class=\"grid-item col-xl-3 col-lg-3 col-md-4 col-sm-6 col-12\">\n                        <div class=\"client-image\">\n                            <a ><img decoding=\"async\" width=\"730\" height=\"313\" src=\"https:\/\/africadexsn.com\/wp-content\/uploads\/2020\/12\/PART-CLIENTS_Plan-de-travail-1-copie.jpg\" class=\"disable-lazy attachment-full\" alt=\"\" srcset=\"https:\/\/africadexsn.com\/wp-content\/uploads\/2020\/12\/PART-CLIENTS_Plan-de-travail-1-copie.jpg 730w, https:\/\/africadexsn.com\/wp-content\/uploads\/2020\/12\/PART-CLIENTS_Plan-de-travail-1-copie-300x129.jpg 300w\" sizes=\"(max-width: 730px) 100vw, 730px\" \/><\/a>\n                        <\/div>\n                    <\/div>\n                                                <div class=\"grid-item col-xl-3 col-lg-3 col-md-4 col-sm-6 col-12\">\n                        <div class=\"client-image\">\n                            <a ><img decoding=\"async\" width=\"730\" height=\"313\" src=\"https:\/\/africadexsn.com\/wp-content\/uploads\/2020\/12\/PART-CLIENTS_Plan-de-travail-1-copie-2.jpg\" class=\"disable-lazy attachment-full\" alt=\"\" srcset=\"https:\/\/africadexsn.com\/wp-content\/uploads\/2020\/12\/PART-CLIENTS_Plan-de-travail-1-copie-2.jpg 730w, https:\/\/africadexsn.com\/wp-content\/uploads\/2020\/12\/PART-CLIENTS_Plan-de-travail-1-copie-2-300x129.jpg 300w\" sizes=\"(max-width: 730px) 100vw, 730px\" \/><\/a>\n                        <\/div>\n                    <\/div>\n                                                <div class=\"grid-item col-xl-3 col-lg-3 col-md-4 col-sm-6 col-12\">\n                        <div class=\"client-image\">\n                            <a ><img loading=\"lazy\" decoding=\"async\" width=\"730\" height=\"313\" src=\"https:\/\/africadexsn.com\/wp-content\/uploads\/2020\/12\/PART-CLIENTS_Plan-de-travail-1-copie-3.jpg\" class=\"disable-lazy attachment-full\" alt=\"\" srcset=\"https:\/\/africadexsn.com\/wp-content\/uploads\/2020\/12\/PART-CLIENTS_Plan-de-travail-1-copie-3.jpg 730w, https:\/\/africadexsn.com\/wp-content\/uploads\/2020\/12\/PART-CLIENTS_Plan-de-travail-1-copie-3-300x129.jpg 300w\" sizes=\"(max-width: 730px) 100vw, 730px\" \/><\/a>\n                        <\/div>\n                    <\/div>\n                                                <div class=\"grid-item col-xl-3 col-lg-3 col-md-4 col-sm-6 col-12\">\n                        <div class=\"client-image\">\n                            <a ><img loading=\"lazy\" decoding=\"async\" width=\"730\" height=\"313\" src=\"https:\/\/africadexsn.com\/wp-content\/uploads\/2020\/12\/PART-CLIENTS_Plan-de-travail-1-copie-4.jpg\" class=\"disable-lazy attachment-full\" alt=\"\" srcset=\"https:\/\/africadexsn.com\/wp-content\/uploads\/2020\/12\/PART-CLIENTS_Plan-de-travail-1-copie-4.jpg 730w, https:\/\/africadexsn.com\/wp-content\/uploads\/2020\/12\/PART-CLIENTS_Plan-de-travail-1-copie-4-300x129.jpg 300w\" sizes=\"(max-width: 730px) 100vw, 730px\" \/><\/a>\n                        <\/div>\n                    <\/div>\n                                                <div class=\"grid-item col-xl-3 col-lg-3 col-md-4 col-sm-6 col-12\">\n                        <div class=\"client-image\">\n                            <a ><img loading=\"lazy\" decoding=\"async\" width=\"730\" height=\"313\" src=\"https:\/\/africadexsn.com\/wp-content\/uploads\/2020\/12\/PART-CLIENTS_Plan-de-travail-1-copie-5.jpg\" class=\"disable-lazy attachment-full\" alt=\"\" srcset=\"https:\/\/africadexsn.com\/wp-content\/uploads\/2020\/12\/PART-CLIENTS_Plan-de-travail-1-copie-5.jpg 730w, https:\/\/africadexsn.com\/wp-content\/uploads\/2020\/12\/PART-CLIENTS_Plan-de-travail-1-copie-5-300x129.jpg 300w\" sizes=\"(max-width: 730px) 100vw, 730px\" \/><\/a>\n                        <\/div>\n                    <\/div>\n                                                <div class=\"grid-item col-xl-3 col-lg-3 col-md-4 col-sm-6 col-12\">\n                        <div class=\"client-image\">\n                            <a ><img loading=\"lazy\" decoding=\"async\" width=\"730\" height=\"313\" src=\"https:\/\/africadexsn.com\/wp-content\/uploads\/2020\/12\/PART-CLIENTS_Plan-de-travail-1-copie-6.jpg\" class=\"disable-lazy attachment-full\" alt=\"\" srcset=\"https:\/\/africadexsn.com\/wp-content\/uploads\/2020\/12\/PART-CLIENTS_Plan-de-travail-1-copie-6.jpg 730w, https:\/\/africadexsn.com\/wp-content\/uploads\/2020\/12\/PART-CLIENTS_Plan-de-travail-1-copie-6-300x129.jpg 300w\" sizes=\"(max-width: 730px) 100vw, 730px\" \/><\/a>\n                        <\/div>\n                    <\/div>\n                                                <div class=\"grid-item col-xl-3 col-lg-3 col-md-4 col-sm-6 col-12\">\n                        <div class=\"client-image\">\n                            <a ><img loading=\"lazy\" decoding=\"async\" width=\"730\" height=\"313\" src=\"https:\/\/africadexsn.com\/wp-content\/uploads\/2020\/12\/PART-CLIENTS_Plan-de-travail-1-copie-7.jpg\" class=\"disable-lazy attachment-full\" alt=\"\" srcset=\"https:\/\/africadexsn.com\/wp-content\/uploads\/2020\/12\/PART-CLIENTS_Plan-de-travail-1-copie-7.jpg 730w, https:\/\/africadexsn.com\/wp-content\/uploads\/2020\/12\/PART-CLIENTS_Plan-de-travail-1-copie-7-300x129.jpg 300w\" sizes=\"(max-width: 730px) 100vw, 730px\" \/><\/a>\n                        <\/div>\n                    <\/div>\n                                                <div class=\"grid-item col-xl-3 col-lg-3 col-md-4 col-sm-6 col-12\">\n                        <div class=\"client-image\">\n                            <a ><img loading=\"lazy\" decoding=\"async\" width=\"730\" height=\"313\" src=\"https:\/\/africadexsn.com\/wp-content\/uploads\/2020\/12\/PART-CLIENTS_Plan-de-travail-1-copie-8.jpg\" class=\"disable-lazy attachment-full\" alt=\"\" srcset=\"https:\/\/africadexsn.com\/wp-content\/uploads\/2020\/12\/PART-CLIENTS_Plan-de-travail-1-copie-8.jpg 730w, https:\/\/africadexsn.com\/wp-content\/uploads\/2020\/12\/PART-CLIENTS_Plan-de-travail-1-copie-8-300x129.jpg 300w\" sizes=\"(max-width: 730px) 100vw, 730px\" \/><\/a>\n                        <\/div>\n                    <\/div>\n                                                <div class=\"grid-item col-xl-3 col-lg-3 col-md-4 col-sm-6 col-12\">\n                        <div class=\"client-image\">\n                            <a ><img loading=\"lazy\" decoding=\"async\" width=\"730\" height=\"313\" src=\"https:\/\/africadexsn.com\/wp-content\/uploads\/2020\/12\/PART-CLIENTS_Plan-de-travail-1-copie-9.jpg\" class=\"disable-lazy attachment-full\" alt=\"\" srcset=\"https:\/\/africadexsn.com\/wp-content\/uploads\/2020\/12\/PART-CLIENTS_Plan-de-travail-1-copie-9.jpg 730w, https:\/\/africadexsn.com\/wp-content\/uploads\/2020\/12\/PART-CLIENTS_Plan-de-travail-1-copie-9-300x129.jpg 300w\" sizes=\"(max-width: 730px) 100vw, 730px\" \/><\/a>\n                        <\/div>\n                    <\/div>\n                                        \n                            <div class=\"grid-item col-xl-3 col-lg-3 col-md-4 col-sm-6 col-12 item-last\">\n                    <div class=\"client-item-inner\">\n                        <div class=\"client-desc\">Africadex is the assurance of solid experience and proven skills which guarantee you precision, reliability and security.<\/div>\n                                                    <a class=\"btn btn-preset4\" href=\"https:\/\/africadexsn.com\/en\/nos-solutions\/\">View our services<\/a>\n                                            <\/div>\n                <\/div>\n            \n            <div class=\"grid-sizer col-xl-3 col-lg-3 col-md-4 col-sm-6 col-12\"><\/div>\n        <\/div>\n    <\/div>\n\t\t<\/div>\n\t\t\t\t<\/div>\n\t\t                <\/div>\n                    <\/div>\n        <\/div>\n                                <\/div>\n                    <\/div>\n        <\/section>\n                <section class=\"elementor-section elementor-top-section elementor-element elementor-element-c146c45 elementor-section-stretched elementor-section-boxed elementor-section-height-default elementor-section-height-default ct-header-fixed-none ct-row-max-none\" data-id=\"c146c45\" data-element_type=\"section\" data-settings=\"{&quot;stretch_section&quot;:&quot;section-stretched&quot;,&quot;background_background&quot;:&quot;classic&quot;}\">\n                            <div class=\"elementor-background-overlay\"><\/div>\n                \n                        <div class=\"elementor-container elementor-column-gap-default\">\n                            <div class=\"elementor-row\">\n                    <div class=\"elementor-column elementor-col-100 elementor-top-column elementor-element elementor-element-a14023c\" data-id=\"a14023c\" data-element_type=\"column\" data-settings=\"{&quot;background_background&quot;:&quot;classic&quot;}\">\n            <div class=\"elementor-column-wrap elementor-element-populated\">\n                            <div class=\"elementor-widget-wrap\">\n                        <section class=\"elementor-section elementor-inner-section elementor-element elementor-element-0de1ec2 elementor-section-boxed elementor-section-height-default elementor-section-height-default ct-header-fixed-none ct-row-max-none\" data-id=\"0de1ec2\" data-element_type=\"section\">\n            \n                        <div class=\"elementor-container elementor-column-gap-default\">\n                            <div class=\"elementor-row\">\n                    <div class=\"elementor-column elementor-col-100 elementor-inner-column elementor-element elementor-element-487ac0f\" data-id=\"487ac0f\" data-element_type=\"column\">\n            <div class=\"elementor-column-wrap elementor-element-populated\">\n                            <div class=\"elementor-widget-wrap\">\n                \t\t<div class=\"elementor-element elementor-element-bdf1c56 elementor-widget elementor-widget-ct_heading\" data-id=\"bdf1c56\" data-element_type=\"widget\" data-widget_type=\"ct_heading.default\">\n\t\t\t\t<div class=\"elementor-widget-container\">\n\t\t\t<div id=\"ct_heading-bdf1c56\" class=\"ct-heading h-align-center sub-style1 ct-heading-left item-st-default\">\n\t<div class=\"ct-inline-css\"  data-css=\"        \">\n    <\/div>\n    \t\t<div class=\"item--sub-title style1 show-line\">\n                        Africadex thanks you for the trust                                            <\/div>\n\t    <h3 class=\"item--title st-default case-animate-time\" data-wow-delay=\"ms\">\n                <span class=\"sp-main\">\n            \n            Our customers\n            \n                    <\/span>\n            <\/h3>\n<\/div>\t\t<\/div>\n\t\t\t\t<\/div>\n\t\t\t\t<div class=\"elementor-element elementor-element-8376753 elementor-widget elementor-widget-ct_client_grid\" data-id=\"8376753\" data-element_type=\"widget\" data-widget_type=\"ct_client_grid.default\">\n\t\t\t\t<div class=\"elementor-widget-container\">\n\t\t\t    <div id=\"ct_client_grid-8376753\" class=\"ct-grid ct-client-grid1\">\n        <div class=\"ct-grid-inner ct-grid-masonry row animate-time\" data-gutter=\"7\">\n                                <div class=\"grid-item col-xl-3 col-lg-3 col-md-4 col-sm-6 col-12\">\n                        <div class=\"client-image\">\n                            <a ><img loading=\"lazy\" decoding=\"async\" width=\"1459\" height=\"903\" src=\"https:\/\/africadexsn.com\/wp-content\/uploads\/2020\/12\/PART-CLIENTS_Plan-de-travail-1-copie-10.png\" class=\"disable-lazy attachment-full\" alt=\"\" srcset=\"https:\/\/africadexsn.com\/wp-content\/uploads\/2020\/12\/PART-CLIENTS_Plan-de-travail-1-copie-10.png 1459w, https:\/\/africadexsn.com\/wp-content\/uploads\/2020\/12\/PART-CLIENTS_Plan-de-travail-1-copie-10-300x186.png 300w, https:\/\/africadexsn.com\/wp-content\/uploads\/2020\/12\/PART-CLIENTS_Plan-de-travail-1-copie-10-1024x634.png 1024w, https:\/\/africadexsn.com\/wp-content\/uploads\/2020\/12\/PART-CLIENTS_Plan-de-travail-1-copie-10-768x475.png 768w\" sizes=\"(max-width: 1459px) 100vw, 1459px\" \/><\/a>\n                        <\/div>\n                    <\/div>\n                                                <div class=\"grid-item col-xl-3 col-lg-3 col-md-4 col-sm-6 col-12\">\n                        <div class=\"client-image\">\n                            <a ><img loading=\"lazy\" decoding=\"async\" width=\"1459\" height=\"903\" src=\"https:\/\/africadexsn.com\/wp-content\/uploads\/2020\/12\/PART-CLIENTS_Plan-de-travail-1-copie-11.png\" class=\"disable-lazy attachment-full\" alt=\"\" srcset=\"https:\/\/africadexsn.com\/wp-content\/uploads\/2020\/12\/PART-CLIENTS_Plan-de-travail-1-copie-11.png 1459w, https:\/\/africadexsn.com\/wp-content\/uploads\/2020\/12\/PART-CLIENTS_Plan-de-travail-1-copie-11-300x186.png 300w, https:\/\/africadexsn.com\/wp-content\/uploads\/2020\/12\/PART-CLIENTS_Plan-de-travail-1-copie-11-1024x634.png 1024w, https:\/\/africadexsn.com\/wp-content\/uploads\/2020\/12\/PART-CLIENTS_Plan-de-travail-1-copie-11-768x475.png 768w\" sizes=\"(max-width: 1459px) 100vw, 1459px\" \/><\/a>\n                        <\/div>\n                    <\/div>\n                                                <div class=\"grid-item col-xl-3 col-lg-3 col-md-4 col-sm-6 col-12\">\n                        <div class=\"client-image\">\n                            <a ><img loading=\"lazy\" decoding=\"async\" width=\"1459\" height=\"903\" src=\"https:\/\/africadexsn.com\/wp-content\/uploads\/2020\/12\/PART-CLIENTS_Plan-de-travail-1-copie-12.png\" class=\"disable-lazy attachment-full\" alt=\"\" srcset=\"https:\/\/africadexsn.com\/wp-content\/uploads\/2020\/12\/PART-CLIENTS_Plan-de-travail-1-copie-12.png 1459w, https:\/\/africadexsn.com\/wp-content\/uploads\/2020\/12\/PART-CLIENTS_Plan-de-travail-1-copie-12-300x186.png 300w, https:\/\/africadexsn.com\/wp-content\/uploads\/2020\/12\/PART-CLIENTS_Plan-de-travail-1-copie-12-1024x634.png 1024w, https:\/\/africadexsn.com\/wp-content\/uploads\/2020\/12\/PART-CLIENTS_Plan-de-travail-1-copie-12-768x475.png 768w\" sizes=\"(max-width: 1459px) 100vw, 1459px\" \/><\/a>\n                        <\/div>\n                    <\/div>\n                                                <div class=\"grid-item col-xl-3 col-lg-3 col-md-4 col-sm-6 col-12\">\n                        <div class=\"client-image\">\n                            <a ><img loading=\"lazy\" decoding=\"async\" width=\"1460\" height=\"903\" src=\"https:\/\/africadexsn.com\/wp-content\/uploads\/2020\/12\/PART-CLIENTS_Plan-de-travail-1-copie-13.png\" class=\"disable-lazy attachment-full\" alt=\"\" srcset=\"https:\/\/africadexsn.com\/wp-content\/uploads\/2020\/12\/PART-CLIENTS_Plan-de-travail-1-copie-13.png 1460w, https:\/\/africadexsn.com\/wp-content\/uploads\/2020\/12\/PART-CLIENTS_Plan-de-travail-1-copie-13-300x186.png 300w, https:\/\/africadexsn.com\/wp-content\/uploads\/2020\/12\/PART-CLIENTS_Plan-de-travail-1-copie-13-1024x633.png 1024w, https:\/\/africadexsn.com\/wp-content\/uploads\/2020\/12\/PART-CLIENTS_Plan-de-travail-1-copie-13-768x475.png 768w\" sizes=\"(max-width: 1460px) 100vw, 1460px\" \/><\/a>\n                        <\/div>\n                    <\/div>\n                                                <div class=\"grid-item col-xl-3 col-lg-3 col-md-4 col-sm-6 col-12\">\n                        <div class=\"client-image\">\n                            <a ><img loading=\"lazy\" decoding=\"async\" width=\"1459\" height=\"903\" src=\"https:\/\/africadexsn.com\/wp-content\/uploads\/2020\/12\/PART-CLIENTS_Plan-de-travail-1-copie-14.png\" class=\"disable-lazy attachment-full\" alt=\"\" srcset=\"https:\/\/africadexsn.com\/wp-content\/uploads\/2020\/12\/PART-CLIENTS_Plan-de-travail-1-copie-14.png 1459w, https:\/\/africadexsn.com\/wp-content\/uploads\/2020\/12\/PART-CLIENTS_Plan-de-travail-1-copie-14-300x186.png 300w, https:\/\/africadexsn.com\/wp-content\/uploads\/2020\/12\/PART-CLIENTS_Plan-de-travail-1-copie-14-1024x634.png 1024w, https:\/\/africadexsn.com\/wp-content\/uploads\/2020\/12\/PART-CLIENTS_Plan-de-travail-1-copie-14-768x475.png 768w\" sizes=\"(max-width: 1459px) 100vw, 1459px\" \/><\/a>\n                        <\/div>\n                    <\/div>\n                                                <div class=\"grid-item col-xl-3 col-lg-3 col-md-4 col-sm-6 col-12\">\n                        <div class=\"client-image\">\n                            <a ><img loading=\"lazy\" decoding=\"async\" width=\"1459\" height=\"903\" src=\"https:\/\/africadexsn.com\/wp-content\/uploads\/2020\/12\/PART-CLIENTS_Plan-de-travail-1-copie-18.png\" class=\"disable-lazy attachment-full\" alt=\"\" srcset=\"https:\/\/africadexsn.com\/wp-content\/uploads\/2020\/12\/PART-CLIENTS_Plan-de-travail-1-copie-18.png 1459w, https:\/\/africadexsn.com\/wp-content\/uploads\/2020\/12\/PART-CLIENTS_Plan-de-travail-1-copie-18-300x186.png 300w, https:\/\/africadexsn.com\/wp-content\/uploads\/2020\/12\/PART-CLIENTS_Plan-de-travail-1-copie-18-1024x634.png 1024w, https:\/\/africadexsn.com\/wp-content\/uploads\/2020\/12\/PART-CLIENTS_Plan-de-travail-1-copie-18-768x475.png 768w\" sizes=\"(max-width: 1459px) 100vw, 1459px\" \/><\/a>\n                        <\/div>\n                    <\/div>\n                                                <div class=\"grid-item col-xl-3 col-lg-3 col-md-4 col-sm-6 col-12\">\n                        <div class=\"client-image\">\n                            <a ><img loading=\"lazy\" decoding=\"async\" width=\"1459\" height=\"903\" src=\"https:\/\/africadexsn.com\/wp-content\/uploads\/2020\/12\/PART-CLIENTS_Plan-de-travail-1-copie-15.png\" class=\"disable-lazy attachment-full\" alt=\"\" srcset=\"https:\/\/africadexsn.com\/wp-content\/uploads\/2020\/12\/PART-CLIENTS_Plan-de-travail-1-copie-15.png 1459w, https:\/\/africadexsn.com\/wp-content\/uploads\/2020\/12\/PART-CLIENTS_Plan-de-travail-1-copie-15-300x186.png 300w, https:\/\/africadexsn.com\/wp-content\/uploads\/2020\/12\/PART-CLIENTS_Plan-de-travail-1-copie-15-1024x634.png 1024w, https:\/\/africadexsn.com\/wp-content\/uploads\/2020\/12\/PART-CLIENTS_Plan-de-travail-1-copie-15-768x475.png 768w\" sizes=\"(max-width: 1459px) 100vw, 1459px\" \/><\/a>\n                        <\/div>\n                    <\/div>\n                                                <div class=\"grid-item col-xl-3 col-lg-3 col-md-4 col-sm-6 col-12\">\n                        <div class=\"client-image\">\n                            <a ><img loading=\"lazy\" decoding=\"async\" width=\"1459\" height=\"903\" src=\"https:\/\/africadexsn.com\/wp-content\/uploads\/2020\/12\/PART-CLIENTS_Plan-de-travail-1-copie-16.png\" class=\"disable-lazy attachment-full\" alt=\"\" srcset=\"https:\/\/africadexsn.com\/wp-content\/uploads\/2020\/12\/PART-CLIENTS_Plan-de-travail-1-copie-16.png 1459w, https:\/\/africadexsn.com\/wp-content\/uploads\/2020\/12\/PART-CLIENTS_Plan-de-travail-1-copie-16-300x186.png 300w, https:\/\/africadexsn.com\/wp-content\/uploads\/2020\/12\/PART-CLIENTS_Plan-de-travail-1-copie-16-1024x634.png 1024w, https:\/\/africadexsn.com\/wp-content\/uploads\/2020\/12\/PART-CLIENTS_Plan-de-travail-1-copie-16-768x475.png 768w\" sizes=\"(max-width: 1459px) 100vw, 1459px\" \/><\/a>\n                        <\/div>\n                    <\/div>\n                                        \n                            <div class=\"grid-item col-xl-3 col-lg-3 col-md-4 col-sm-6 col-12 item-last\">\n                    <div class=\"client-item-inner\">\n                        <div class=\"client-desc\">Africadex guarantees all its clients, businesses and individuals, quality services and personalized support with one-off or long-term turnkey solutions.<\/div>\n                                                    <a class=\"btn btn-preset4\" href=\"https:\/\/africadexsn.com\/en\/nos-services\/\">View our solutions<\/a>\n                                            <\/div>\n                <\/div>\n            \n            <div class=\"grid-sizer col-xl-3 col-lg-3 col-md-4 col-sm-6 col-12\"><\/div>\n        <\/div>\n    <\/div>\n\t\t<\/div>\n\t\t\t\t<\/div>\n\t\t                <\/div>\n                    <\/div>\n        <\/div>\n                                <\/div>\n                    <\/div>\n        <\/section>\n                        <\/div>\n                    <\/div>\n        <\/div>\n                                <\/div>\n                    <\/div>\n        <\/section>\n        \t\t<\/div>","protected":false},"excerpt":{"rendered":"<p>Nous cheminons toujours avec les meilleurs Nos partenaires\u200b Africadex, c&rsquo;est l&rsquo;assurance d&rsquo;une solide exp\u00e9rience et des comp\u00e9tences av\u00e9r\u00e9es qui vous garantissent la pr\u00e9cision, la fiabilit\u00e9 et la s\u00e9curit\u00e9. Voir nos solutions Africadex vous remercie pour la confiance Nos clients Africadex garantie \u00e0 tous ses clients, entreprises et particuliers, des services de qualit\u00e9 et un accompagnement [&hellip;]<\/p>","protected":false},"author":1,"featured_media":0,"parent":4177,"menu_order":0,"comment_status":"closed","ping_status":"closed","template":"","meta":{"footnotes":""},"_links":{"self":[{"href":"https:\/\/africadexsn.com\/en\/wp-json\/wp\/v2\/pages\/4224"}],"collection":[{"href":"https:\/\/africadexsn.com\/en\/wp-json\/wp\/v2\/pages"}],"about":[{"href":"https:\/\/africadexsn.com\/en\/wp-json\/wp\/v2\/types\/page"}],"author":[{"embeddable":true,"href":"https:\/\/africadexsn.com\/en\/wp-json\/wp\/v2\/users\/1"}],"replies":[{"embeddable":true,"href":"https:\/\/africadexsn.com\/en\/wp-json\/wp\/v2\/comments?post=4224"}],"version-history":[{"count":18,"href":"https:\/\/africadexsn.com\/en\/wp-json\/wp\/v2\/pages\/4224\/revisions"}],"predecessor-version":[{"id":5881,"href":"https:\/\/africadexsn.com\/en\/wp-json\/wp\/v2\/pages\/4224\/revisions\/5881"}],"up":[{"embeddable":true,"href":"https:\/\/africadexsn.com\/en\/wp-json\/wp\/v2\/pages\/4177"}],"wp:attachment":[{"href":"https:\/\/africadexsn.com\/en\/wp-json\/wp\/v2\/media?parent=4224"}],"curies":[{"name":"wp","href":"https:\/\/api.w.org\/{rel}","templated":true}]}}